{"id":8,"date":"2026-01-17T19:20:17","date_gmt":"2026-01-17T19:20:17","guid":{"rendered":"https:\/\/ts101127.web37.zoner.fi\/about-us\/"},"modified":"2026-01-26T20:58:29","modified_gmt":"2026-01-26T20:58:29","slug":"yhdistys","status":"publish","type":"page","link":"https:\/\/saunaavanto.com\/?page_id=8","title":{"rendered":"Sauna ja avanto ry &#8211; liity j\u00e4seneksi!"},"content":{"rendered":"\n<h2 class=\"wp-block-heading\"><strong>Yhdistyksen esittely<\/strong><\/h2>\n\n\n\n<p><strong>Sauna ja avanto ry<\/strong>&nbsp;on aloittanut toimintansa Pyht\u00e4\u00e4ll\u00e4 vuoden 2026 alusta alkaen.<\/p>\n\n\n\n<p>Yhdistyksen tarkoituksena on sauna- ja avantoperinteen, -kulttuurin ja -tapojen vaaliminen, kehitt\u00e4minen ja tunnetuksi tekeminen sek\u00e4 n\u00e4ihin liittyvien kokemusten syvent\u00e4minen ja merkitysten korostaminen osana terveit\u00e4 el\u00e4m\u00e4ntapoja.<\/p>\n\n\n\n<p>Yhdistys haluaa tarjota hyvi\u00e4 sauna- ja avantoel\u00e4myksi\u00e4 sek\u00e4 l\u00f6yt\u00e4\u00e4 uusia ihmisi\u00e4 toiminnan pariin. T\u00e4m\u00e4n vuoksi tarjoamme mahdollisuuden tutustua toimintaan kaikille avoimella yleis\u00f6vuorolla kerran viikossa.<\/p>\n\n\n\n\n\n<h2 class=\"wp-block-heading\"><strong>J\u00e4senyys<\/strong><\/h2>\n\n\n\n<ul class=\"wp-block-list\">\n<li>J\u00e4senmaksu vuodelle 2026:\u00a0<strong>50 \u20ac<\/strong><\/li>\n\n\n\n<li>Ei liittymismaksua<\/li>\n\n\n\n<li><strong>J\u00e4seneksi voi liitty\u00e4 osoitteessa: <a href=\"https:\/\/saunaavanto.yhdistysavain.fi\/\">https:\/\/saunaavanto.yhdistysavain.fi<\/a><\/strong><\/li>\n<\/ul>\n\n\n\n<br>\n\n\n\n<h3 class=\"wp-block-heading\"><strong>J\u00e4senedut<\/strong><\/h3>\n\n\n\n<ul class=\"wp-block-list\">\n<li>Edullisempi sis\u00e4\u00e4np\u00e4\u00e4sy yleis\u00f6vuoroille<\/li>\n\n\n\n<li>Vain j\u00e4senille tarkoitettuja vuoroja<\/li>\n\n\n\n<li><strong>20 % alennus yksityisvuoroista<\/strong><\/li>\n\n\n\n<li>Avanto k\u00e4yt\u00f6ss\u00e4 j\u00e4senille my\u00f6s\u00a0<strong>aamuisin klo 7\u201310<\/strong><\/li>\n<\/ul>\n\n\n\n<br><br>\n","protected":false},"excerpt":{"rendered":"<p>Yhdistyksen esittely Sauna ja avanto ry&nbsp;on aloittanut toimintansa Pyht\u00e4\u00e4ll\u00e4 vuoden 2026 alusta alkaen. Yhdistyksen tarkoituksena on sauna- ja avantoperinteen, -kulttuurin ja -tapojen vaaliminen, kehitt\u00e4minen ja tunnetuksi tekeminen sek\u00e4 n\u00e4ihin liittyvien kokemusten syvent\u00e4minen ja merkitysten korostaminen osana terveit\u00e4 el\u00e4m\u00e4ntapoja. Yhdistys haluaa tarjota hyvi\u00e4 sauna- ja avantoel\u00e4myksi\u00e4 sek\u00e4 l\u00f6yt\u00e4\u00e4 uusia ihmisi\u00e4 toiminnan pariin. T\u00e4m\u00e4n vuoksi tarjoamme mahdollisuuden [&hellip;]<\/p>\n","protected":false},"author":1,"featured_media":69,"parent":0,"menu_order":0,"comment_status":"closed","ping_status":"closed","template":"","meta":{"footnotes":""},"class_list":["post-8","page","type-page","status-publish","has-post-thumbnail","hentry"],"_links":{"self":[{"href":"https:\/\/saunaavanto.com\/index.php?rest_route=\/wp\/v2\/pages\/8","targetHints":{"allow":["GET"]}}],"collection":[{"href":"https:\/\/saunaavanto.com\/index.php?rest_route=\/wp\/v2\/pages"}],"about":[{"href":"https:\/\/saunaavanto.com\/index.php?rest_route=\/wp\/v2\/types\/page"}],"author":[{"embeddable":true,"href":"https:\/\/saunaavanto.com\/index.php?rest_route=\/wp\/v2\/users\/1"}],"replies":[{"embeddable":true,"href":"https:\/\/saunaavanto.com\/index.php?rest_route=%2Fwp%2Fv2%2Fcomments&post=8"}],"version-history":[{"count":7,"href":"https:\/\/saunaavanto.com\/index.php?rest_route=\/wp\/v2\/pages\/8\/revisions"}],"predecessor-version":[{"id":122,"href":"https:\/\/saunaavanto.com\/index.php?rest_route=\/wp\/v2\/pages\/8\/revisions\/122"}],"wp:featuredmedia":[{"embeddable":true,"href":"https:\/\/saunaavanto.com\/index.php?rest_route=\/wp\/v2\/media\/69"}],"wp:attachment":[{"href":"https:\/\/saunaavanto.com\/index.php?rest_route=%2Fwp%2Fv2%2Fmedia&parent=8"}],"curies":[{"name":"wp","href":"https:\/\/api.w.org\/{rel}","templated":true}]}}