{"id":18,"date":"2026-01-17T19:20:17","date_gmt":"2026-01-17T19:20:17","guid":{"rendered":"https:\/\/ts101127.web37.zoner.fi\/relax-rejuvenate-in-our-luxury-sauna\/"},"modified":"2026-01-26T22:14:43","modified_gmt":"2026-01-26T22:14:43","slug":"relax-rejuvenate-in-our-luxury-sauna","status":"publish","type":"page","link":"https:\/\/saunaavanto.com\/?page_id=18","title":{"rendered":"Liity yhdistykseen"},"content":{"rendered":"\n<h2 class=\"wp-block-heading\">Sauna ja avanto ry<\/h2>\n\n\n\n<p>Yhdistyksen tarkoituksena on sauna- ja avantoperinteen, -kulttuurin ja -tapojen vaaliminen, kehitt\u00e4minen ja tunnetuksi tekeminen sek\u00e4 n\u00e4iden tuntemusten syvent\u00e4minen ja merkitysten korostaminen terveiden el\u00e4m\u00e4ntapojen yll\u00e4pit\u00e4j\u00e4n\u00e4.<\/p>\n\n\n\n<!--more-->\n\n\n\n<p>Tavoitteena alkuun on l\u00f6yt\u00e4\u00e4 uusia ja konkareita saunan ja avannon pariin.<\/p>\n\n\n\n<p>Kannatusj\u00e4senen\u00e4 saat alennusta yleis\u00f6vuorosta (15\u20ac\/10\u20ac) lauantaisin klo 12-18. Lis\u00e4ksi p\u00e4\u00e4set halutessasi aamuisin pulahtamaan avantoon klo 7-10 v\u00e4lill\u00e4. My\u00f6s j\u00e4senten saunavuoroja tarjolla.<\/p>\n","protected":false},"excerpt":{"rendered":"<p>Sauna ja avanto ry Yhdistyksen tarkoituksena on sauna- ja avantoperinteen, -kulttuurin ja -tapojen vaaliminen, kehitt\u00e4minen ja tunnetuksi tekeminen sek\u00e4 n\u00e4iden tuntemusten syvent\u00e4minen ja merkitysten korostaminen terveiden el\u00e4m\u00e4ntapojen yll\u00e4pit\u00e4j\u00e4n\u00e4.<\/p>\n","protected":false},"author":1,"featured_media":69,"parent":0,"menu_order":0,"comment_status":"closed","ping_status":"closed","template":"","meta":{"footnotes":""},"class_list":["post-18","page","type-page","status-publish","has-post-thumbnail","hentry"],"_links":{"self":[{"href":"https:\/\/saunaavanto.com\/index.php?rest_route=\/wp\/v2\/pages\/18","targetHints":{"allow":["GET"]}}],"collection":[{"href":"https:\/\/saunaavanto.com\/index.php?rest_route=\/wp\/v2\/pages"}],"about":[{"href":"https:\/\/saunaavanto.com\/index.php?rest_route=\/wp\/v2\/types\/page"}],"author":[{"embeddable":true,"href":"https:\/\/saunaavanto.com\/index.php?rest_route=\/wp\/v2\/users\/1"}],"replies":[{"embeddable":true,"href":"https:\/\/saunaavanto.com\/index.php?rest_route=%2Fwp%2Fv2%2Fcomments&post=18"}],"version-history":[{"count":3,"href":"https:\/\/saunaavanto.com\/index.php?rest_route=\/wp\/v2\/pages\/18\/revisions"}],"predecessor-version":[{"id":137,"href":"https:\/\/saunaavanto.com\/index.php?rest_route=\/wp\/v2\/pages\/18\/revisions\/137"}],"wp:featuredmedia":[{"embeddable":true,"href":"https:\/\/saunaavanto.com\/index.php?rest_route=\/wp\/v2\/media\/69"}],"wp:attachment":[{"href":"https:\/\/saunaavanto.com\/index.php?rest_route=%2Fwp%2Fv2%2Fmedia&parent=18"}],"curies":[{"name":"wp","href":"https:\/\/api.w.org\/{rel}","templated":true}]}}