{"id":16,"date":"2026-01-17T19:20:17","date_gmt":"2026-01-17T19:20:17","guid":{"rendered":"https:\/\/ts101127.web37.zoner.fi\/contact\/"},"modified":"2026-03-09T19:47:07","modified_gmt":"2026-03-09T19:47:07","slug":"contact","status":"publish","type":"page","link":"https:\/\/saunaavanto.com\/?page_id=16","title":{"rendered":"Yhteystiedot"},"content":{"rendered":"\n<p>Sauna ja avanto ry<\/p>\n\n\n\n<p>Jonakorventie 214, Pyht\u00e4\u00e4<\/p>\n\n\n\n<p>Puhelin: 0400-464646<\/p>\n\n\n\n<p>S\u00e4hk\u00f6posti: info@saunaavanto.com<\/p>\n\n\n\n<p>Y-tunnus: 3589799-7<\/p>\n\n\n\n<iframe src=\"https:\/\/www.google.com\/maps\/embed?pb=!1m17!1m12!1m3!1d1866.8245311651106!2d26.587407000000002!3d60.5112!2m3!1f0!2f0!3f0!3m2!1i1024!2i768!4f13.1!3m2!1m1!2zNjDCsDMwJzQwLjMiTiAyNsKwMzUnMTQuNyJF!5e1!3m2!1sfi!2sfi!4v1773084931800!5m2!1sfi!2sfi\" width=\"600\" height=\"450\" style=\"border:0;\" allowfullscreen=\"\" loading=\"lazy\" referrerpolicy=\"no-referrer-when-downgrade\"><\/iframe>\n\n\n\n<br>\n","protected":false},"excerpt":{"rendered":"<p>Sauna ja avanto ry Jonakorventie 214, Pyht\u00e4\u00e4 Puhelin: 0400-464646 S\u00e4hk\u00f6posti: info@saunaavanto.com Y-tunnus: 3589799-7<\/p>\n","protected":false},"author":1,"featured_media":0,"parent":0,"menu_order":0,"comment_status":"closed","ping_status":"closed","template":"","meta":{"footnotes":""},"class_list":["post-16","page","type-page","status-publish","hentry"],"_links":{"self":[{"href":"https:\/\/saunaavanto.com\/index.php?rest_route=\/wp\/v2\/pages\/16","targetHints":{"allow":["GET"]}}],"collection":[{"href":"https:\/\/saunaavanto.com\/index.php?rest_route=\/wp\/v2\/pages"}],"about":[{"href":"https:\/\/saunaavanto.com\/index.php?rest_route=\/wp\/v2\/types\/page"}],"author":[{"embeddable":true,"href":"https:\/\/saunaavanto.com\/index.php?rest_route=\/wp\/v2\/users\/1"}],"replies":[{"embeddable":true,"href":"https:\/\/saunaavanto.com\/index.php?rest_route=%2Fwp%2Fv2%2Fcomments&post=16"}],"version-history":[{"count":5,"href":"https:\/\/saunaavanto.com\/index.php?rest_route=\/wp\/v2\/pages\/16\/revisions"}],"predecessor-version":[{"id":163,"href":"https:\/\/saunaavanto.com\/index.php?rest_route=\/wp\/v2\/pages\/16\/revisions\/163"}],"wp:attachment":[{"href":"https:\/\/saunaavanto.com\/index.php?rest_route=%2Fwp%2Fv2%2Fmedia&parent=16"}],"curies":[{"name":"wp","href":"https:\/\/api.w.org\/{rel}","templated":true}]}}